{"id":99,"date":"2020-10-03T16:25:54","date_gmt":"2020-10-03T14:25:54","guid":{"rendered":"https:\/\/mycina.mcsm.ch\/?page_id=99"},"modified":"2021-06-23T12:01:47","modified_gmt":"2021-06-23T10:01:47","slug":"contact","status":"publish","type":"page","link":"https:\/\/etudecina.ch\/de\/contact\/","title":{"rendered":"Kontakt"},"content":{"rendered":"<p>[et_pb_section fb_built=\u00a0\u00bb1&Prime; admin_label=\u00a0\u00bbcontact\u00a0\u00bb module_id=\u00a0\u00bbcontact\u00a0\u00bb _builder_version=\u00a0\u00bb4.6.0&Prime; background_color=\u00a0\u00bb#f3f1f2&Prime; locked=\u00a0\u00bboff\u00a0\u00bb collapsed=\u00a0\u00bbon\u00a0\u00bb][et_pb_row column_structure=\u00a0\u00bb1_2,1_2&Prime; _builder_version=\u00a0\u00bb3.25&Prime; locked=\u00a0\u00bboff\u00a0\u00bb][et_pb_column type=\u00a0\u00bb1_2&Prime; _builder_version=\u00a0\u00bb3.25&Prime; custom_padding=\u00a0\u00bb|||\u00a0\u00bb custom_padding__hover=\u00a0\u00bb|||\u00a0\u00bb][et_pb_divider color=\u00a0\u00bb#d94144&Prime; admin_label=\u00a0\u00bbLigne rouge\u00a0\u00bb _builder_version=\u00a0\u00bb4.6.0&Prime; custom_margin=\u00a0\u00bb10px|||-1000px\u00a0\u00bb locked=\u00a0\u00bboff\u00a0\u00bb][\/et_pb_divider][et_pb_text _builder_version=\u00a0\u00bb4.6.0&Prime; text_font=\u00a0\u00bbWork Sans|600|||||||\u00a0\u00bb text_line_height=\u00a0\u00bb2em\u00a0\u00bb header_font=\u00a0\u00bb||||||||\u00a0\u00bb header_2_font=\u00a0\u00bbSuranna|||on|||||\u00a0\u00bb header_2_font_size=\u00a0\u00bb3vw\u00a0\u00bb header_2_line_height=\u00a0\u00bb1.2em\u00a0\u00bb header_3_font=\u00a0\u00bbRaleway|700||on|||||\u00a0\u00bb header_3_font_size=\u00a0\u00bb12px\u00a0\u00bb header_3_letter_spacing=\u00a0\u00bb1.5px\u00a0\u00bb header_3_line_height=\u00a0\u00bb2em\u00a0\u00bb header_4_font=\u00a0\u00bb||||||||\u00a0\u00bb header_2_font_size_tablet=\u00a0\u00bb5vw\u00a0\u00bb header_2_font_size_phone=\u00a0\u00bb24px\u00a0\u00bb header_2_font_size_last_edited=\u00a0\u00bbon|phone\u00a0\u00bb border_color_all=\u00a0\u00bb#f3f1f2&Prime; locked=\u00a0\u00bboff\u00a0\u00bb]<\/p>\n<h2>Nous contacter<\/h2>\n<p>[\/et_pb_text][\/et_pb_column][et_pb_column type=\u00a0\u00bb1_2&Prime; _builder_version=\u00a0\u00bb3.25&Prime; custom_padding=\u00a0\u00bb|||\u00a0\u00bb custom_padding__hover=\u00a0\u00bb|||\u00a0\u00bb][\/et_pb_column][\/et_pb_row][et_pb_row column_structure=\u00a0\u00bb1_2,1_2&Prime; _builder_version=\u00a0\u00bb3.25&Prime;][et_pb_column type=\u00a0\u00bb1_2&Prime; _builder_version=\u00a0\u00bb3.25&Prime; custom_padding=\u00a0\u00bb|||\u00a0\u00bb custom_padding__hover=\u00a0\u00bb|||\u00a0\u00bb][et_pb_text _builder_version=\u00a0\u00bb4.6.0&Prime; text_font=\u00a0\u00bbWork Sans|600|||||||\u00a0\u00bb text_line_height=\u00a0\u00bb2em\u00a0\u00bb header_font=\u00a0\u00bb||||||||\u00a0\u00bb header_2_font=\u00a0\u00bbSuranna|||on|||||\u00a0\u00bb header_2_font_size=\u00a0\u00bb3vw\u00a0\u00bb header_2_line_height=\u00a0\u00bb1.2em\u00a0\u00bb header_3_font=\u00a0\u00bbRaleway|700||on|||||\u00a0\u00bb header_3_font_size=\u00a0\u00bb12px\u00a0\u00bb header_3_letter_spacing=\u00a0\u00bb1.5px\u00a0\u00bb header_3_line_height=\u00a0\u00bb2em\u00a0\u00bb header_4_font=\u00a0\u00bb||||||||\u00a0\u00bb header_2_font_size_tablet=\u00a0\u00bb5vw\u00a0\u00bb header_2_font_size_phone=\u00a0\u00bb24px\u00a0\u00bb header_2_font_size_last_edited=\u00a0\u00bbon|phone\u00a0\u00bb border_color_all=\u00a0\u00bb#f3f1f2&Prime; locked=\u00a0\u00bboff\u00a0\u00bb]<\/p>\n<h3><a href=\"mailto:info@etudecina.ch\" data-track-event=\"click\" data-track-action=\"email_link\">info@etudecina.ch<\/a><\/h3>\n<p>[\/et_pb_text][et_pb_text _builder_version=\u00a0\u00bb4.9.7&Prime; text_font=\u00a0\u00bbWork Sans|600|||||||\u00a0\u00bb text_line_height=\u00a0\u00bb2em\u00a0\u00bb header_font=\u00a0\u00bb||||||||\u00a0\u00bb header_2_font=\u00a0\u00bbSuranna|||on|||||\u00a0\u00bb header_2_font_size=\u00a0\u00bb3vw\u00a0\u00bb header_2_line_height=\u00a0\u00bb1.2em\u00a0\u00bb header_3_font=\u00a0\u00bbRaleway|700||on|||||\u00a0\u00bb header_3_font_size=\u00a0\u00bb12px\u00a0\u00bb header_3_letter_spacing=\u00a0\u00bb1.5px\u00a0\u00bb header_3_line_height=\u00a0\u00bb2em\u00a0\u00bb header_4_font=\u00a0\u00bb||||||||\u00a0\u00bb hover_enabled=\u00a0\u00bb0&Prime; header_2_font_size_tablet=\u00a0\u00bb5vw\u00a0\u00bb header_2_font_size_phone=\u00a0\u00bb24px\u00a0\u00bb header_2_font_size_last_edited=\u00a0\u00bbon|phone\u00a0\u00bb border_color_all=\u00a0\u00bb#f3f1f2&Prime; locked=\u00a0\u00bboff\u00a0\u00bb sticky_enabled=\u00a0\u00bb0&Prime;]<\/p>\n<h3>SIERRE :<br \/><span>CP 240 |\u00a0<\/span><span>Rue du Bourg 2<\/span><br \/><span>3960 Sierre<\/span><br \/>T\u00e9l : <a href=\"tel:+41274556076\" data-track-event=\"click\" data-track-action=\"phone_link\">+41\u00a027 455 60 76<\/a><br \/><span>Fax: +41\u00a027 455 60 77<\/span><\/h3>\n<p>[\/et_pb_text][et_pb_text _builder_version=\u00a0\u00bb4.6.0&Prime; text_font=\u00a0\u00bbWork Sans|600|||||||\u00a0\u00bb text_line_height=\u00a0\u00bb2em\u00a0\u00bb header_font=\u00a0\u00bb||||||||\u00a0\u00bb header_2_font=\u00a0\u00bbSuranna|||on|||||\u00a0\u00bb header_2_font_size=\u00a0\u00bb3vw\u00a0\u00bb header_2_line_height=\u00a0\u00bb1.2em\u00a0\u00bb header_3_font=\u00a0\u00bbRaleway|700||on|||||\u00a0\u00bb header_3_font_size=\u00a0\u00bb12px\u00a0\u00bb header_3_letter_spacing=\u00a0\u00bb1.5px\u00a0\u00bb header_3_line_height=\u00a0\u00bb2em\u00a0\u00bb header_4_font=\u00a0\u00bb||||||||\u00a0\u00bb header_2_font_size_tablet=\u00a0\u00bb5vw\u00a0\u00bb header_2_font_size_phone=\u00a0\u00bb24px\u00a0\u00bb header_2_font_size_last_edited=\u00a0\u00bbon|phone\u00a0\u00bb border_color_all=\u00a0\u00bb#f3f1f2&Prime; locked=\u00a0\u00bboff\u00a0\u00bb]<\/p>\n<h3>SION : <br \/><span>Avenue de la gare 32<\/span><br \/><span>1950 Sion<\/span><br \/>T\u00e9l : <a href=\"tel:+41273213311\" data-track-event=\"click\" data-track-action=\"phone_link\">+41\u00a027 321 33 11<\/a><a href=\"tel:+41274556076\" data-track-event=\"click\" data-track-action=\"phone_link\"><\/a><br \/><span>Fax: +41\u00a027 321 33 12<\/span><\/h3>\n<p>[\/et_pb_text][et_pb_text _builder_version=\u00a0\u00bb4.6.0&Prime; text_font=\u00a0\u00bbWork Sans|600|||||||\u00a0\u00bb text_line_height=\u00a0\u00bb2em\u00a0\u00bb header_font=\u00a0\u00bb||||||||\u00a0\u00bb header_2_font=\u00a0\u00bbSuranna|||on|||||\u00a0\u00bb header_2_font_size=\u00a0\u00bb3vw\u00a0\u00bb header_2_line_height=\u00a0\u00bb1.2em\u00a0\u00bb header_3_font=\u00a0\u00bbRaleway|700||on|||||\u00a0\u00bb header_3_font_size=\u00a0\u00bb12px\u00a0\u00bb header_3_letter_spacing=\u00a0\u00bb1.5px\u00a0\u00bb header_3_line_height=\u00a0\u00bb2em\u00a0\u00bb header_4_font=\u00a0\u00bb||||||||\u00a0\u00bb header_2_font_size_tablet=\u00a0\u00bb5vw\u00a0\u00bb header_2_font_size_phone=\u00a0\u00bb24px\u00a0\u00bb header_2_font_size_last_edited=\u00a0\u00bbon|phone\u00a0\u00bb border_color_all=\u00a0\u00bb#f3f1f2&Prime; locked=\u00a0\u00bboff\u00a0\u00bb]<\/p>\n<h3><span>Lun-Ven: 08:00-12:00,13:30-17:30<\/span><br \/><span>(\u00e9tude de Sion: uniquement sur RDV)<\/span><\/h3>\n<p>[\/et_pb_text][\/et_pb_column][et_pb_column type=\u00a0\u00bb1_2&Prime; _builder_version=\u00a0\u00bb3.25&Prime; custom_padding=\u00a0\u00bb|||\u00a0\u00bb custom_padding__hover=\u00a0\u00bb|||\u00a0\u00bb][et_pb_contact_form captcha=\u00a0\u00bboff\u00a0\u00bb email=\u00a0\u00bbinfo@etudecina.ch\u00a0\u00bb success_message=\u00a0\u00bbVotre message nous a bien \u00e9t\u00e9 transmis. nous reviendrons vers vous dans les meilleurs d\u00e9lais\u00a0\u00bb submit_button_text=\u00a0\u00bbEnvoyer votre message\u00a0\u00bb _builder_version=\u00a0\u00bb4.6.0&Prime; form_field_background_color=\u00a0\u00bbrgba(0,0,0,0)\u00a0\u00bb form_field_text_color=\u00a0\u00bbrgba(49,53,64,0.42)\u00a0\u00bb form_field_font=\u00a0\u00bbWork Sans|600||on|||||\u00a0\u00bb form_field_font_size=\u00a0\u00bb12px\u00a0\u00bb form_field_letter_spacing=\u00a0\u00bb1.5px\u00a0\u00bb custom_button=\u00a0\u00bbon\u00a0\u00bb button_text_size=\u00a0\u00bb14px\u00a0\u00bb button_text_color=\u00a0\u00bb#ffffff\u00a0\u00bb button_bg_color=\u00a0\u00bb#d94144&Prime; button_border_width=\u00a0\u00bb16px\u00a0\u00bb button_border_color=\u00a0\u00bbrgba(0,0,0,0)\u00a0\u00bb button_border_radius=\u00a0\u00bb0px\u00a0\u00bb button_letter_spacing=\u00a0\u00bb1px\u00a0\u00bb button_font=\u00a0\u00bbWork Sans|600|||||||\u00a0\u00bb button_use_icon=\u00a0\u00bboff\u00a0\u00bb custom_padding=\u00a0\u00bb|||||true\u00a0\u00bb border_color_all=\u00a0\u00bbrgba(49,53,64,0.2)\u00a0\u00bb border_width_bottom=\u00a0\u00bb1px\u00a0\u00bb form_background_color=\u00a0\u00bbrgba(0,0,0,0)\u00a0\u00bb button_bg_color__hover_enabled=\u00a0\u00bbon\u00a0\u00bb button_bg_color__hover=\u00a0\u00bb#ea4646&Prime;][et_pb_contact_field field_id=\u00a0\u00bbNom\u00a0\u00bb field_title=\u00a0\u00bbVotre nom\u00a0\u00bb fullwidth_field=\u00a0\u00bbon\u00a0\u00bb _builder_version=\u00a0\u00bb4.6.0&Prime; custom_margin=\u00a0\u00bb|||||false\u00a0\u00bb custom_padding=\u00a0\u00bb|||||false\u00a0\u00bb button_text_size__hover_enabled=\u00a0\u00bboff\u00a0\u00bb button_one_text_size__hover_enabled=\u00a0\u00bboff\u00a0\u00bb button_two_text_size__hover_enabled=\u00a0\u00bboff\u00a0\u00bb button_text_color__hover_enabled=\u00a0\u00bboff\u00a0\u00bb button_one_text_color__hover_enabled=\u00a0\u00bboff\u00a0\u00bb button_two_text_color__hover_enabled=\u00a0\u00bboff\u00a0\u00bb button_border_width__hover_enabled=\u00a0\u00bboff\u00a0\u00bb button_one_border_width__hover_enabled=\u00a0\u00bboff\u00a0\u00bb button_two_border_width__hover_enabled=\u00a0\u00bboff\u00a0\u00bb button_border_color__hover_enabled=\u00a0\u00bboff\u00a0\u00bb button_one_border_color__hover_enabled=\u00a0\u00bboff\u00a0\u00bb button_two_border_color__hover_enabled=\u00a0\u00bboff\u00a0\u00bb button_border_radius__hover_enabled=\u00a0\u00bboff\u00a0\u00bb button_one_border_radius__hover_enabled=\u00a0\u00bboff\u00a0\u00bb button_two_border_radius__hover_enabled=\u00a0\u00bboff\u00a0\u00bb button_letter_spacing__hover_enabled=\u00a0\u00bboff\u00a0\u00bb button_one_letter_spacing__hover_enabled=\u00a0\u00bboff\u00a0\u00bb button_two_letter_spacing__hover_enabled=\u00a0\u00bboff\u00a0\u00bb button_bg_color__hover_enabled=\u00a0\u00bboff\u00a0\u00bb button_one_bg_color__hover_enabled=\u00a0\u00bboff\u00a0\u00bb button_two_bg_color__hover_enabled=\u00a0\u00bboff\u00a0\u00bb][\/et_pb_contact_field][et_pb_contact_field field_id=\u00a0\u00bbEmail\u00a0\u00bb field_title=\u00a0\u00bbVotre adresse mail\u00a0\u00bb field_type=\u00a0\u00bbemail\u00a0\u00bb fullwidth_field=\u00a0\u00bbon\u00a0\u00bb _builder_version=\u00a0\u00bb4.6.0&Prime; custom_margin=\u00a0\u00bb||\u00a0\u00bb button_text_size__hover_enabled=\u00a0\u00bboff\u00a0\u00bb button_one_text_size__hover_enabled=\u00a0\u00bboff\u00a0\u00bb button_two_text_size__hover_enabled=\u00a0\u00bboff\u00a0\u00bb button_text_color__hover_enabled=\u00a0\u00bboff\u00a0\u00bb button_one_text_color__hover_enabled=\u00a0\u00bboff\u00a0\u00bb button_two_text_color__hover_enabled=\u00a0\u00bboff\u00a0\u00bb button_border_width__hover_enabled=\u00a0\u00bboff\u00a0\u00bb button_one_border_width__hover_enabled=\u00a0\u00bboff\u00a0\u00bb button_two_border_width__hover_enabled=\u00a0\u00bboff\u00a0\u00bb button_border_color__hover_enabled=\u00a0\u00bboff\u00a0\u00bb button_one_border_color__hover_enabled=\u00a0\u00bboff\u00a0\u00bb button_two_border_color__hover_enabled=\u00a0\u00bboff\u00a0\u00bb button_border_radius__hover_enabled=\u00a0\u00bboff\u00a0\u00bb button_one_border_radius__hover_enabled=\u00a0\u00bboff\u00a0\u00bb button_two_border_radius__hover_enabled=\u00a0\u00bboff\u00a0\u00bb button_letter_spacing__hover_enabled=\u00a0\u00bboff\u00a0\u00bb button_one_letter_spacing__hover_enabled=\u00a0\u00bboff\u00a0\u00bb button_two_letter_spacing__hover_enabled=\u00a0\u00bboff\u00a0\u00bb button_bg_color__hover_enabled=\u00a0\u00bboff\u00a0\u00bb button_one_bg_color__hover_enabled=\u00a0\u00bboff\u00a0\u00bb button_two_bg_color__hover_enabled=\u00a0\u00bboff\u00a0\u00bb][\/et_pb_contact_field][et_pb_contact_field field_id=\u00a0\u00bbTelephone\u00a0\u00bb field_title=\u00a0\u00bbTel auquel on peut vous joindre\u00a0\u00bb field_type=\u00a0\u00bbemail\u00a0\u00bb fullwidth_field=\u00a0\u00bbon\u00a0\u00bb _builder_version=\u00a0\u00bb4.6.0&Prime; custom_margin=\u00a0\u00bb||\u00a0\u00bb button_text_size__hover_enabled=\u00a0\u00bboff\u00a0\u00bb button_one_text_size__hover_enabled=\u00a0\u00bboff\u00a0\u00bb button_two_text_size__hover_enabled=\u00a0\u00bboff\u00a0\u00bb button_text_color__hover_enabled=\u00a0\u00bboff\u00a0\u00bb button_one_text_color__hover_enabled=\u00a0\u00bboff\u00a0\u00bb button_two_text_color__hover_enabled=\u00a0\u00bboff\u00a0\u00bb button_border_width__hover_enabled=\u00a0\u00bboff\u00a0\u00bb button_one_border_width__hover_enabled=\u00a0\u00bboff\u00a0\u00bb button_two_border_width__hover_enabled=\u00a0\u00bboff\u00a0\u00bb button_border_color__hover_enabled=\u00a0\u00bboff\u00a0\u00bb button_one_border_color__hover_enabled=\u00a0\u00bboff\u00a0\u00bb button_two_border_color__hover_enabled=\u00a0\u00bboff\u00a0\u00bb button_border_radius__hover_enabled=\u00a0\u00bboff\u00a0\u00bb button_one_border_radius__hover_enabled=\u00a0\u00bboff\u00a0\u00bb button_two_border_radius__hover_enabled=\u00a0\u00bboff\u00a0\u00bb button_letter_spacing__hover_enabled=\u00a0\u00bboff\u00a0\u00bb button_one_letter_spacing__hover_enabled=\u00a0\u00bboff\u00a0\u00bb button_two_letter_spacing__hover_enabled=\u00a0\u00bboff\u00a0\u00bb button_bg_color__hover_enabled=\u00a0\u00bboff\u00a0\u00bb button_one_bg_color__hover_enabled=\u00a0\u00bboff\u00a0\u00bb button_two_bg_color__hover_enabled=\u00a0\u00bboff\u00a0\u00bb][\/et_pb_contact_field][et_pb_contact_field field_id=\u00a0\u00bbMessage\u00a0\u00bb field_title=\u00a0\u00bbMessage\u00a0\u00bb field_type=\u00a0\u00bbtext\u00a0\u00bb fullwidth_field=\u00a0\u00bbon\u00a0\u00bb _builder_version=\u00a0\u00bb4.6.0&Prime; custom_margin=\u00a0\u00bb||40px\u00a0\u00bb button_text_size__hover_enabled=\u00a0\u00bboff\u00a0\u00bb button_one_text_size__hover_enabled=\u00a0\u00bboff\u00a0\u00bb button_two_text_size__hover_enabled=\u00a0\u00bboff\u00a0\u00bb button_text_color__hover_enabled=\u00a0\u00bboff\u00a0\u00bb button_one_text_color__hover_enabled=\u00a0\u00bboff\u00a0\u00bb button_two_text_color__hover_enabled=\u00a0\u00bboff\u00a0\u00bb button_border_width__hover_enabled=\u00a0\u00bboff\u00a0\u00bb button_one_border_width__hover_enabled=\u00a0\u00bboff\u00a0\u00bb button_two_border_width__hover_enabled=\u00a0\u00bboff\u00a0\u00bb button_border_color__hover_enabled=\u00a0\u00bboff\u00a0\u00bb button_one_border_color__hover_enabled=\u00a0\u00bboff\u00a0\u00bb button_two_border_color__hover_enabled=\u00a0\u00bboff\u00a0\u00bb button_border_radius__hover_enabled=\u00a0\u00bboff\u00a0\u00bb button_one_border_radius__hover_enabled=\u00a0\u00bboff\u00a0\u00bb button_two_border_radius__hover_enabled=\u00a0\u00bboff\u00a0\u00bb button_letter_spacing__hover_enabled=\u00a0\u00bboff\u00a0\u00bb button_one_letter_spacing__hover_enabled=\u00a0\u00bboff\u00a0\u00bb button_two_letter_spacing__hover_enabled=\u00a0\u00bboff\u00a0\u00bb button_bg_color__hover_enabled=\u00a0\u00bboff\u00a0\u00bb button_one_bg_color__hover_enabled=\u00a0\u00bboff\u00a0\u00bb button_two_bg_color__hover_enabled=\u00a0\u00bboff\u00a0\u00bb][\/et_pb_contact_field][\/et_pb_contact_form][\/et_pb_column][\/et_pb_row][et_pb_row column_structure=\u00a0\u00bb1_2,1_2&Prime; _builder_version=\u00a0\u00bb3.25&Prime; custom_padding=\u00a0\u00bb0|0px|0|0px|true|false\u00a0\u00bb][et_pb_column type=\u00a0\u00bb1_2&Prime; _builder_version=\u00a0\u00bb3.25&Prime; custom_padding=\u00a0\u00bb|||\u00a0\u00bb custom_padding__hover=\u00a0\u00bb|||\u00a0\u00bb][et_pb_social_media_follow _builder_version=\u00a0\u00bb3.21.1&Prime; transform_translate=\u00a0\u00bb-10px|0px\u00a0\u00bb filter_invert=\u00a0\u00bb100%\u00a0\u00bb][et_pb_social_media_follow_network social_network=\u00a0\u00bbfacebook\u00a0\u00bb _builder_version=\u00a0\u00bb3.21.1&Prime; background_color=\u00a0\u00bbrgba(0,0,0,0)\u00a0\u00bb custom_margin=\u00a0\u00bb|10px||10px||true\u00a0\u00bb follow_button=\u00a0\u00bboff\u00a0\u00bb url_new_window=\u00a0\u00bbon\u00a0\u00bb]facebook[\/et_pb_social_media_follow_network][et_pb_social_media_follow_network social_network=\u00a0\u00bbtwitter\u00a0\u00bb _builder_version=\u00a0\u00bb3.21.1&Prime; background_color=\u00a0\u00bbrgba(0,0,0,0)\u00a0\u00bb custom_margin=\u00a0\u00bb|10px||10px||true\u00a0\u00bb follow_button=\u00a0\u00bboff\u00a0\u00bb url_new_window=\u00a0\u00bbon\u00a0\u00bb]twitter[\/et_pb_social_media_follow_network][et_pb_social_media_follow_network social_network=\u00a0\u00bbinstagram\u00a0\u00bb _builder_version=\u00a0\u00bb3.21.1&Prime; background_color=\u00a0\u00bbrgba(0,0,0,0)\u00a0\u00bb custom_margin=\u00a0\u00bb|10px||10px||true\u00a0\u00bb follow_button=\u00a0\u00bboff\u00a0\u00bb url_new_window=\u00a0\u00bbon\u00a0\u00bb]instagram[\/et_pb_social_media_follow_network][et_pb_social_media_follow_network social_network=\u00a0\u00bbyoutube\u00a0\u00bb _builder_version=\u00a0\u00bb3.21.1&Prime; background_color=\u00a0\u00bbrgba(0,0,0,0)\u00a0\u00bb custom_margin=\u00a0\u00bb|10px||10px||true\u00a0\u00bb follow_button=\u00a0\u00bboff\u00a0\u00bb url_new_window=\u00a0\u00bbon\u00a0\u00bb]youtube[\/et_pb_social_media_follow_network][\/et_pb_social_media_follow][\/et_pb_column][et_pb_column type=\u00a0\u00bb1_2&Prime; _builder_version=\u00a0\u00bb3.25&Prime; custom_padding=\u00a0\u00bb|||\u00a0\u00bb custom_padding__hover=\u00a0\u00bb|||\u00a0\u00bb][\/et_pb_column][\/et_pb_row][\/et_pb_section]<\/p>\n","protected":false},"excerpt":{"rendered":"<p>Kontaktieren Sie unsinfo@etudecina.chSIERRE:CP 240 | Rue du Bourg 23960 Sierretel: +41 27 455 60 76fax: +41 27 455 60 77SION: 13:30\u201317:30 Uhr (Zion-Studie: nur nach Vereinbarung)<\/p>","protected":false},"author":2,"featured_media":0,"parent":0,"menu_order":50,"comment_status":"closed","ping_status":"closed","template":"","meta":{"_et_pb_use_builder":"on","_et_pb_old_content":"<!-- wp:divi\/placeholder \/-->","_et_gb_content_width":"","footnotes":""},"class_list":["post-99","page","type-page","status-publish","hentry"],"yoast_head":"<!-- This site is optimized with the Yoast SEO plugin v27.6 - https:\/\/yoast.com\/product\/yoast-seo-wordpress\/ -->\n<title>Etude Myl\u00e8ne CINA - Sierre et Sion<\/title>\n<meta name=\"description\" content=\"Active dans les domaines judiciaires et extrajudiciaires, Ma\u00eetre Myl\u00e8ne Cina assiste et repr\u00e9sente ses clients devant les Tribunaux. Elle a d\u00e9velopp\u00e9 une pratique quotidienne dans tous les domaines du droit p\u00e9nal, civil et administratif.\" \/>\n<meta name=\"robots\" content=\"index, follow, max-snippet:-1, max-image-preview:large, max-video-preview:-1\" \/>\n<link rel=\"canonical\" href=\"https:\/\/etudecina.ch\/de\/contact\/\" \/>\n<meta property=\"og:locale\" content=\"de_DE\" \/>\n<meta property=\"og:type\" content=\"article\" \/>\n<meta property=\"og:title\" content=\"Etude Myl\u00e8ne CINA - Sierre et Sion\" \/>\n<meta property=\"og:description\" content=\"Active dans les domaines judiciaires et extrajudiciaires, Ma\u00eetre Myl\u00e8ne Cina assiste et repr\u00e9sente ses clients devant les Tribunaux. Elle a d\u00e9velopp\u00e9 une pratique quotidienne dans tous les domaines du droit p\u00e9nal, civil et administratif.\" \/>\n<meta property=\"og:url\" content=\"https:\/\/etudecina.ch\/de\/contact\/\" \/>\n<meta property=\"og:site_name\" content=\"Etude Mylene Cina\" \/>\n<meta property=\"article:modified_time\" content=\"2021-06-23T10:01:47+00:00\" \/>\n<meta name=\"twitter:card\" content=\"summary_large_image\" \/>\n<meta name=\"twitter:label1\" content=\"Gesch\u00e4tzte Lesezeit\" \/>\n\t<meta name=\"twitter:data1\" content=\"8\u00a0Minuten\" \/>\n<script type=\"application\/ld+json\" class=\"yoast-schema-graph\">{\"@context\":\"https:\\\/\\\/schema.org\",\"@graph\":[{\"@type\":\"WebPage\",\"@id\":\"https:\\\/\\\/etudecina.ch\\\/contact\\\/\",\"url\":\"https:\\\/\\\/etudecina.ch\\\/contact\\\/\",\"name\":\"Etude Myl\u00e8ne CINA - Sierre et Sion\",\"isPartOf\":{\"@id\":\"https:\\\/\\\/etudecina.ch\\\/#website\"},\"datePublished\":\"2020-10-03T14:25:54+00:00\",\"dateModified\":\"2021-06-23T10:01:47+00:00\",\"description\":\"Active dans les domaines judiciaires et extrajudiciaires, Ma\u00eetre Myl\u00e8ne Cina assiste et repr\u00e9sente ses clients devant les Tribunaux. Elle a d\u00e9velopp\u00e9 une pratique quotidienne dans tous les domaines du droit p\u00e9nal, civil et administratif.\",\"breadcrumb\":{\"@id\":\"https:\\\/\\\/etudecina.ch\\\/contact\\\/#breadcrumb\"},\"inLanguage\":\"de\",\"potentialAction\":[{\"@type\":\"ReadAction\",\"target\":[\"https:\\\/\\\/etudecina.ch\\\/contact\\\/\"]}]},{\"@type\":\"BreadcrumbList\",\"@id\":\"https:\\\/\\\/etudecina.ch\\\/contact\\\/#breadcrumb\",\"itemListElement\":[{\"@type\":\"ListItem\",\"position\":1,\"name\":\"Accueil\",\"item\":\"https:\\\/\\\/etudecina.ch\\\/\"},{\"@type\":\"ListItem\",\"position\":2,\"name\":\"Contact\"}]},{\"@type\":\"WebSite\",\"@id\":\"https:\\\/\\\/etudecina.ch\\\/#website\",\"url\":\"https:\\\/\\\/etudecina.ch\\\/\",\"name\":\"Etude Mylene Cina\",\"description\":\"Avocate, conseils juridiques \u00e0 Sierre et \u00e0 Sion\",\"publisher\":{\"@id\":\"https:\\\/\\\/etudecina.ch\\\/#organization\"},\"potentialAction\":[{\"@type\":\"SearchAction\",\"target\":{\"@type\":\"EntryPoint\",\"urlTemplate\":\"https:\\\/\\\/etudecina.ch\\\/?s={search_term_string}\"},\"query-input\":{\"@type\":\"PropertyValueSpecification\",\"valueRequired\":true,\"valueName\":\"search_term_string\"}}],\"inLanguage\":\"de\"},{\"@type\":\"Organization\",\"@id\":\"https:\\\/\\\/etudecina.ch\\\/#organization\",\"name\":\"Etude myl\u00e8ne Cina\",\"url\":\"https:\\\/\\\/etudecina.ch\\\/\",\"logo\":{\"@type\":\"ImageObject\",\"inLanguage\":\"de\",\"@id\":\"https:\\\/\\\/etudecina.ch\\\/#\\\/schema\\\/logo\\\/image\\\/\",\"url\":\"https:\\\/\\\/etudecina.ch\\\/wp-content\\\/uploads\\\/2020\\\/09\\\/ca462356e7a84ddab610d6bf6c6b1b2a.jpg\",\"contentUrl\":\"https:\\\/\\\/etudecina.ch\\\/wp-content\\\/uploads\\\/2020\\\/09\\\/ca462356e7a84ddab610d6bf6c6b1b2a.jpg\",\"width\":200,\"height\":100,\"caption\":\"Etude myl\u00e8ne Cina\"},\"image\":{\"@id\":\"https:\\\/\\\/etudecina.ch\\\/#\\\/schema\\\/logo\\\/image\\\/\"}}]}<\/script>\n<!-- \/ Yoast SEO plugin. -->","yoast_head_json":{"title":"Studieren Sie Myl\u00e8ne CINA \u2013 Sierre und Sion","description":"Ma\u00eetre Myl\u00e8ne Cina ist im gerichtlichen und au\u00dfergerichtlichen Bereich t\u00e4tig und unterst\u00fctzt und vertritt ihre Mandanten vor Gericht. Sie hat eine t\u00e4gliche Praxis in allen Bereichen des Straf-, Zivil- und Verwaltungsrechts aufgebaut.","robots":{"index":"index","follow":"follow","max-snippet":"max-snippet:-1","max-image-preview":"max-image-preview:large","max-video-preview":"max-video-preview:-1"},"canonical":"https:\/\/etudecina.ch\/de\/contact\/","og_locale":"de_DE","og_type":"article","og_title":"Etude Myl\u00e8ne CINA - Sierre et Sion","og_description":"Active dans les domaines judiciaires et extrajudiciaires, Ma\u00eetre Myl\u00e8ne Cina assiste et repr\u00e9sente ses clients devant les Tribunaux. Elle a d\u00e9velopp\u00e9 une pratique quotidienne dans tous les domaines du droit p\u00e9nal, civil et administratif.","og_url":"https:\/\/etudecina.ch\/de\/contact\/","og_site_name":"Etude Mylene Cina","article_modified_time":"2021-06-23T10:01:47+00:00","twitter_card":"summary_large_image","twitter_misc":{"Gesch\u00e4tzte Lesezeit":"8\u00a0Minuten"},"schema":{"@context":"https:\/\/schema.org","@graph":[{"@type":"WebPage","@id":"https:\/\/etudecina.ch\/contact\/","url":"https:\/\/etudecina.ch\/contact\/","name":"Studieren Sie Myl\u00e8ne CINA \u2013 Sierre und Sion","isPartOf":{"@id":"https:\/\/etudecina.ch\/#website"},"datePublished":"2020-10-03T14:25:54+00:00","dateModified":"2021-06-23T10:01:47+00:00","description":"Ma\u00eetre Myl\u00e8ne Cina ist im gerichtlichen und au\u00dfergerichtlichen Bereich t\u00e4tig und unterst\u00fctzt und vertritt ihre Mandanten vor Gericht. Sie hat eine t\u00e4gliche Praxis in allen Bereichen des Straf-, Zivil- und Verwaltungsrechts aufgebaut.","breadcrumb":{"@id":"https:\/\/etudecina.ch\/contact\/#breadcrumb"},"inLanguage":"de","potentialAction":[{"@type":"ReadAction","target":["https:\/\/etudecina.ch\/contact\/"]}]},{"@type":"BreadcrumbList","@id":"https:\/\/etudecina.ch\/contact\/#breadcrumb","itemListElement":[{"@type":"ListItem","position":1,"name":"Accueil","item":"https:\/\/etudecina.ch\/"},{"@type":"ListItem","position":2,"name":"Contact"}]},{"@type":"WebSite","@id":"https:\/\/etudecina.ch\/#website","url":"https:\/\/etudecina.ch\/","name":"Studieren Sie Mylene Cina","description":"Rechtsanwalt, Rechtsberatung in Sierre und Sion","publisher":{"@id":"https:\/\/etudecina.ch\/#organization"},"potentialAction":[{"@type":"SearchAction","target":{"@type":"EntryPoint","urlTemplate":"https:\/\/etudecina.ch\/?s={search_term_string}"},"query-input":{"@type":"PropertyValueSpecification","valueRequired":true,"valueName":"search_term_string"}}],"inLanguage":"de"},{"@type":"Organization","@id":"https:\/\/etudecina.ch\/#organization","name":"Studiere Myl\u00e8ne Cina","url":"https:\/\/etudecina.ch\/","logo":{"@type":"ImageObject","inLanguage":"de","@id":"https:\/\/etudecina.ch\/#\/schema\/logo\/image\/","url":"https:\/\/etudecina.ch\/wp-content\/uploads\/2020\/09\/ca462356e7a84ddab610d6bf6c6b1b2a.jpg","contentUrl":"https:\/\/etudecina.ch\/wp-content\/uploads\/2020\/09\/ca462356e7a84ddab610d6bf6c6b1b2a.jpg","width":200,"height":100,"caption":"Etude myl\u00e8ne Cina"},"image":{"@id":"https:\/\/etudecina.ch\/#\/schema\/logo\/image\/"}}]}},"_links":{"self":[{"href":"https:\/\/etudecina.ch\/de\/wp-json\/wp\/v2\/pages\/99","targetHints":{"allow":["GET"]}}],"collection":[{"href":"https:\/\/etudecina.ch\/de\/wp-json\/wp\/v2\/pages"}],"about":[{"href":"https:\/\/etudecina.ch\/de\/wp-json\/wp\/v2\/types\/page"}],"author":[{"embeddable":true,"href":"https:\/\/etudecina.ch\/de\/wp-json\/wp\/v2\/users\/2"}],"replies":[{"embeddable":true,"href":"https:\/\/etudecina.ch\/de\/wp-json\/wp\/v2\/comments?post=99"}],"version-history":[{"count":3,"href":"https:\/\/etudecina.ch\/de\/wp-json\/wp\/v2\/pages\/99\/revisions"}],"predecessor-version":[{"id":175,"href":"https:\/\/etudecina.ch\/de\/wp-json\/wp\/v2\/pages\/99\/revisions\/175"}],"wp:attachment":[{"href":"https:\/\/etudecina.ch\/de\/wp-json\/wp\/v2\/media?parent=99"}],"curies":[{"name":"wp","href":"https:\/\/api.w.org\/{rel}","templated":true}]}}