{"id":93,"date":"2020-10-03T16:24:26","date_gmt":"2020-10-03T14:24:26","guid":{"rendered":"https:\/\/mycina.mcsm.ch\/?page_id=93"},"modified":"2020-10-03T16:31:43","modified_gmt":"2020-10-03T14:31:43","slug":"presentation","status":"publish","type":"page","link":"https:\/\/etudecina.ch\/de\/presentation\/","title":{"rendered":"Pr\u00e4sentation"},"content":{"rendered":"<p>[et_pb_section fb_built=\u00a0\u00bb1&Prime; admin_label=\u00a0\u00bbQui suis-je\u00a0\u00bb module_id=\u00a0\u00bbpresentation\u00a0\u00bb _builder_version=\u00a0\u00bb4.6.0&Prime; background_color=\u00a0\u00bb#f3f1f2&Prime; custom_padding=\u00a0\u00bb54px|0px|100px|0px|false|false\u00a0\u00bb collapsed=\u00a0\u00bbon\u00a0\u00bb][et_pb_row column_structure=\u00a0\u00bb2_5,3_5&Prime; _builder_version=\u00a0\u00bb3.25&Prime;][et_pb_column type=\u00a0\u00bb2_5&Prime; _builder_version=\u00a0\u00bb3.25&Prime; custom_padding=\u00a0\u00bb|||\u00a0\u00bb custom_padding__hover=\u00a0\u00bb|||\u00a0\u00bb][et_pb_image src=\u00a0\u00bbhttps:\/\/etudecina.ch\/wp-content\/uploads\/2020\/09\/paralegal-03.png\u00a0\u00bb align=\u00a0\u00bbright\u00a0\u00bb _builder_version=\u00a0\u00bb3.23&Prime; transform_scale=\u00a0\u00bb265%|265%\u00a0\u00bb transform_scale_tablet=\u00a0\u00bb100%|100%\u00a0\u00bb transform_scale_phone=\u00a0\u00bb\u00a0\u00bb transform_scale_last_edited=\u00a0\u00bbon|tablet\u00a0\u00bb transform_translate_tablet=\u00a0\u00bb\u00a0\u00bb transform_translate_phone=\u00a0\u00bb\u00a0\u00bb transform_translate_last_edited=\u00a0\u00bbon|desktop\u00a0\u00bb transform_rotate_tablet=\u00a0\u00bb\u00a0\u00bb transform_rotate_phone=\u00a0\u00bb\u00a0\u00bb transform_rotate_last_edited=\u00a0\u00bbon|desktop\u00a0\u00bb transform_skew_tablet=\u00a0\u00bb\u00a0\u00bb transform_skew_phone=\u00a0\u00bb\u00a0\u00bb transform_skew_last_edited=\u00a0\u00bbon|desktop\u00a0\u00bb transform_origin=\u00a0\u00bb100%|0%\u00a0\u00bb transform_origin_tablet=\u00a0\u00bb\u00a0\u00bb transform_origin_phone=\u00a0\u00bb\u00a0\u00bb transform_origin_last_edited=\u00a0\u00bbon|desktop\u00a0\u00bb transform_styles_last_edited=\u00a0\u00bbon|tablet\u00a0\u00bb max_width=\u00a0\u00bb200px\u00a0\u00bb transform_styles_tablet=\u00a0\u00bb\u00a0\u00bb transform_styles_phone=\u00a0\u00bb\u00a0\u00bb always_center_on_mobile=\u00a0\u00bboff\u00a0\u00bb locked=\u00a0\u00bboff\u00a0\u00bb][\/et_pb_image][\/et_pb_column][et_pb_column type=\u00a0\u00bb3_5&Prime; _builder_version=\u00a0\u00bb3.25&Prime; custom_padding=\u00a0\u00bb|||\u00a0\u00bb custom_padding__hover=\u00a0\u00bb|||\u00a0\u00bb][et_pb_divider color=\u00a0\u00bb#d94144&Prime; admin_label=\u00a0\u00bbLigne rouge\u00a0\u00bb _builder_version=\u00a0\u00bb4.6.0&Prime; custom_margin=\u00a0\u00bb10px||4px|-1000px||\u00a0\u00bb locked=\u00a0\u00bboff\u00a0\u00bb][\/et_pb_divider][et_pb_text _builder_version=\u00a0\u00bb4.6.0&Prime; text_font=\u00a0\u00bbWork Sans|600|||||||\u00a0\u00bb text_line_height=\u00a0\u00bb2em\u00a0\u00bb header_font=\u00a0\u00bb||||||||\u00a0\u00bb header_2_font=\u00a0\u00bbSuranna||||||||\u00a0\u00bb header_2_font_size=\u00a0\u00bb60px\u00a0\u00bb header_2_line_height=\u00a0\u00bb1.2em\u00a0\u00bb header_4_font=\u00a0\u00bbRaleway|700|||||||\u00a0\u00bb header_4_text_color=\u00a0\u00bb#d94144&Prime; header_4_font_size=\u00a0\u00bb12px\u00a0\u00bb header_4_letter_spacing=\u00a0\u00bb1.5px\u00a0\u00bb header_4_line_height=\u00a0\u00bb2em\u00a0\u00bb custom_margin=\u00a0\u00bb||0px\u00a0\u00bb header_2_font_size_tablet=\u00a0\u00bb\u00a0\u00bb header_2_font_size_phone=\u00a0\u00bb24px\u00a0\u00bb header_2_font_size_last_edited=\u00a0\u00bbon|phone\u00a0\u00bb border_color_all=\u00a0\u00bb#f3f1f2&Prime; locked=\u00a0\u00bboff\u00a0\u00bb]<\/p>\n<h4>Depuis 2008<\/h4>\n<h3 class=\"preamble\">Portrait de Ma\u00eetre Myl\u00e8ne Cina<\/h3>\n<p>[\/et_pb_text][et_pb_text _builder_version=\u00a0\u00bb4.6.0&Prime; text_font=\u00a0\u00bbWork Sans|300|||||||\u00a0\u00bb text_font_size=\u00a0\u00bb15px\u00a0\u00bb text_line_height=\u00a0\u00bb2em\u00a0\u00bb header_font=\u00a0\u00bb||||||||\u00a0\u00bb header_2_font=\u00a0\u00bbSuranna|||on|||||\u00a0\u00bb header_2_font_size=\u00a0\u00bb3vw\u00a0\u00bb header_2_line_height=\u00a0\u00bb1.2em\u00a0\u00bb header_4_font=\u00a0\u00bbRaleway|700||on|||||\u00a0\u00bb header_4_text_color=\u00a0\u00bb#d94144&Prime; header_4_font_size=\u00a0\u00bb12px\u00a0\u00bb header_4_letter_spacing=\u00a0\u00bb1.5px\u00a0\u00bb header_4_line_height=\u00a0\u00bb2em\u00a0\u00bb border_color_all=\u00a0\u00bb#f3f1f2&Prime; locked=\u00a0\u00bboff\u00a0\u00bb]<\/p>\n<p class=\"bodytext\">Me Myl\u00e8ne Cina\u00a0exerce ce m\u00e9tier avec beaucoup de dynamisme, conviction et efficacit\u00e9. Parfaitement bilingue, Me Cina exerce dans les deux langues depuis 2008, date de l\u2019obtention de son brevet et mobilise beaucoup d\u2019\u00e9nergie pour la d\u00e9fense des causes qui lui sont confi\u00e9es. Elle plaide et r\u00e9dige tant en allemand qu\u2019en fran\u00e7ais.<\/p>\n<p class=\"bodytext\">Exp\u00e9riment\u00e9e et tr\u00e8s\u00a0active dans les domaines judiciaires et extrajudiciaires, Me Cina assiste et repr\u00e9sente ses clients devant les Tribunaux. Elle a d\u00e9velopp\u00e9 une pratique quotidienne dans tous les domaines du droit p\u00e9nal, civil et administratif. Les int\u00e9r\u00eats de ses clients sont les siens.<\/p>\n<p class=\"bodytext\">Une grande partie de l\u2019activit\u00e9 d\u00e9ploy\u00e9e part Me Cina consiste \u00e0 conseiller sa client\u00e8le \u00e0 titre d\u2019avocat-conseil dans tous les domaines du droit. Elle repr\u00e9sente et guide aussi bien des particuliers que des entreprises.<\/p>\n<p class=\"bodytext\">Me Myl\u00e8ne Cina est attentive \u00e0 l\u2019\u00e9volution de la jurisprudence. Elle est \u00e9galement en permanence \u00e0 la recherche des solutions les plus efficaces et conformes \u00e0 l\u2019int\u00e9r\u00eat de ses clients.<\/p>\n<p class=\"bodytext\">N&rsquo;h\u00e9sitez pas \u00e0\u00a0prendre contact avec l&rsquo;\u00e9tude d&rsquo;Avocat de Ma\u00eetre Cina\u00a0pour tout renseignement.<\/p>\n<p>[\/et_pb_text][\/et_pb_column][\/et_pb_row][\/et_pb_section]<\/p>\n","protected":false},"excerpt":{"rendered":"<p>Depuis 2008 Portrait de Ma\u00eetre Myl\u00e8ne CinaMe Myl\u00e8ne Cina\u00a0exerce ce m\u00e9tier avec beaucoup de dynamisme, conviction et efficacit\u00e9. Parfaitement bilingue, Me Cina exerce dans les deux langues depuis 2008, date de l\u2019obtention de son brevet et mobilise beaucoup d\u2019\u00e9nergie pour la d\u00e9fense des causes qui lui sont confi\u00e9es. Elle plaide et r\u00e9dige tant en allemand [&hellip;]<\/p>\n","protected":false},"author":2,"featured_media":0,"parent":0,"menu_order":20,"comment_status":"closed","ping_status":"closed","template":"","meta":{"_et_pb_use_builder":"on","_et_pb_old_content":"<!-- wp:divi\/placeholder \/-->","_et_gb_content_width":"","footnotes":""},"class_list":["post-93","page","type-page","status-publish","hentry"],"yoast_head":"<!-- This site is optimized with the Yoast SEO plugin v27.3 - https:\/\/yoast.com\/product\/yoast-seo-wordpress\/ -->\n<title>Etude Myl\u00e8ne CINA - Sierre et Sion<\/title>\n<meta name=\"description\" content=\"Active dans les domaines judiciaires et extrajudiciaires, Ma\u00eetre Myl\u00e8ne Cina assiste et repr\u00e9sente ses clients devant les Tribunaux. Elle a d\u00e9velopp\u00e9 une pratique quotidienne dans tous les domaines du droit p\u00e9nal, civil et administratif.\" \/>\n<meta name=\"robots\" content=\"index, follow, max-snippet:-1, max-image-preview:large, max-video-preview:-1\" \/>\n<link rel=\"canonical\" href=\"https:\/\/etudecina.ch\/de\/presentation\/\" \/>\n<meta property=\"og:locale\" content=\"de_DE\" \/>\n<meta property=\"og:type\" content=\"article\" \/>\n<meta property=\"og:title\" content=\"Etude Myl\u00e8ne CINA - Sierre et Sion\" \/>\n<meta property=\"og:description\" content=\"Active dans les domaines judiciaires et extrajudiciaires, Ma\u00eetre Myl\u00e8ne Cina assiste et repr\u00e9sente ses clients devant les Tribunaux. Elle a d\u00e9velopp\u00e9 une pratique quotidienne dans tous les domaines du droit p\u00e9nal, civil et administratif.\" \/>\n<meta property=\"og:url\" content=\"https:\/\/etudecina.ch\/de\/presentation\/\" \/>\n<meta property=\"og:site_name\" content=\"Etude Mylene Cina\" \/>\n<meta property=\"article:modified_time\" content=\"2020-10-03T14:31:43+00:00\" \/>\n<meta name=\"twitter:card\" content=\"summary_large_image\" \/>\n<meta name=\"twitter:label1\" content=\"Gesch\u00e4tzte Lesezeit\" \/>\n\t<meta name=\"twitter:data1\" content=\"3\u00a0Minuten\" \/>\n<script type=\"application\/ld+json\" class=\"yoast-schema-graph\">{\"@context\":\"https:\\\/\\\/schema.org\",\"@graph\":[{\"@type\":\"WebPage\",\"@id\":\"https:\\\/\\\/etudecina.ch\\\/presentation\\\/\",\"url\":\"https:\\\/\\\/etudecina.ch\\\/presentation\\\/\",\"name\":\"Etude Myl\u00e8ne CINA - Sierre et Sion\",\"isPartOf\":{\"@id\":\"https:\\\/\\\/etudecina.ch\\\/#website\"},\"datePublished\":\"2020-10-03T14:24:26+00:00\",\"dateModified\":\"2020-10-03T14:31:43+00:00\",\"description\":\"Active dans les domaines judiciaires et extrajudiciaires, Ma\u00eetre Myl\u00e8ne Cina assiste et repr\u00e9sente ses clients devant les Tribunaux. Elle a d\u00e9velopp\u00e9 une pratique quotidienne dans tous les domaines du droit p\u00e9nal, civil et administratif.\",\"breadcrumb\":{\"@id\":\"https:\\\/\\\/etudecina.ch\\\/presentation\\\/#breadcrumb\"},\"inLanguage\":\"de\",\"potentialAction\":[{\"@type\":\"ReadAction\",\"target\":[\"https:\\\/\\\/etudecina.ch\\\/presentation\\\/\"]}]},{\"@type\":\"BreadcrumbList\",\"@id\":\"https:\\\/\\\/etudecina.ch\\\/presentation\\\/#breadcrumb\",\"itemListElement\":[{\"@type\":\"ListItem\",\"position\":1,\"name\":\"Accueil\",\"item\":\"https:\\\/\\\/etudecina.ch\\\/\"},{\"@type\":\"ListItem\",\"position\":2,\"name\":\"Pr\u00e9sentation\"}]},{\"@type\":\"WebSite\",\"@id\":\"https:\\\/\\\/etudecina.ch\\\/#website\",\"url\":\"https:\\\/\\\/etudecina.ch\\\/\",\"name\":\"Etude Mylene Cina\",\"description\":\"Avocate, conseils juridiques \u00e0 Sierre et \u00e0 Sion\",\"publisher\":{\"@id\":\"https:\\\/\\\/etudecina.ch\\\/#organization\"},\"potentialAction\":[{\"@type\":\"SearchAction\",\"target\":{\"@type\":\"EntryPoint\",\"urlTemplate\":\"https:\\\/\\\/etudecina.ch\\\/?s={search_term_string}\"},\"query-input\":{\"@type\":\"PropertyValueSpecification\",\"valueRequired\":true,\"valueName\":\"search_term_string\"}}],\"inLanguage\":\"de\"},{\"@type\":\"Organization\",\"@id\":\"https:\\\/\\\/etudecina.ch\\\/#organization\",\"name\":\"Etude myl\u00e8ne Cina\",\"url\":\"https:\\\/\\\/etudecina.ch\\\/\",\"logo\":{\"@type\":\"ImageObject\",\"inLanguage\":\"de\",\"@id\":\"https:\\\/\\\/etudecina.ch\\\/#\\\/schema\\\/logo\\\/image\\\/\",\"url\":\"https:\\\/\\\/etudecina.ch\\\/wp-content\\\/uploads\\\/2020\\\/09\\\/ca462356e7a84ddab610d6bf6c6b1b2a.jpg\",\"contentUrl\":\"https:\\\/\\\/etudecina.ch\\\/wp-content\\\/uploads\\\/2020\\\/09\\\/ca462356e7a84ddab610d6bf6c6b1b2a.jpg\",\"width\":200,\"height\":100,\"caption\":\"Etude myl\u00e8ne Cina\"},\"image\":{\"@id\":\"https:\\\/\\\/etudecina.ch\\\/#\\\/schema\\\/logo\\\/image\\\/\"}}]}<\/script>\n<!-- \/ Yoast SEO plugin. -->","yoast_head_json":{"title":"Studieren Sie Myl\u00e8ne CINA \u2013 Sierre und Sion","description":"Ma\u00eetre Myl\u00e8ne Cina ist im gerichtlichen und au\u00dfergerichtlichen Bereich t\u00e4tig und unterst\u00fctzt und vertritt ihre Mandanten vor Gericht. Sie hat eine t\u00e4gliche Praxis in allen Bereichen des Straf-, Zivil- und Verwaltungsrechts aufgebaut.","robots":{"index":"index","follow":"follow","max-snippet":"max-snippet:-1","max-image-preview":"max-image-preview:large","max-video-preview":"max-video-preview:-1"},"canonical":"https:\/\/etudecina.ch\/de\/presentation\/","og_locale":"de_DE","og_type":"article","og_title":"Etude Myl\u00e8ne CINA - Sierre et Sion","og_description":"Active dans les domaines judiciaires et extrajudiciaires, Ma\u00eetre Myl\u00e8ne Cina assiste et repr\u00e9sente ses clients devant les Tribunaux. Elle a d\u00e9velopp\u00e9 une pratique quotidienne dans tous les domaines du droit p\u00e9nal, civil et administratif.","og_url":"https:\/\/etudecina.ch\/de\/presentation\/","og_site_name":"Etude Mylene Cina","article_modified_time":"2020-10-03T14:31:43+00:00","twitter_card":"summary_large_image","twitter_misc":{"Gesch\u00e4tzte Lesezeit":"3\u00a0Minuten"},"schema":{"@context":"https:\/\/schema.org","@graph":[{"@type":"WebPage","@id":"https:\/\/etudecina.ch\/presentation\/","url":"https:\/\/etudecina.ch\/presentation\/","name":"Studieren Sie Myl\u00e8ne CINA \u2013 Sierre und Sion","isPartOf":{"@id":"https:\/\/etudecina.ch\/#website"},"datePublished":"2020-10-03T14:24:26+00:00","dateModified":"2020-10-03T14:31:43+00:00","description":"Ma\u00eetre Myl\u00e8ne Cina ist im gerichtlichen und au\u00dfergerichtlichen Bereich t\u00e4tig und unterst\u00fctzt und vertritt ihre Mandanten vor Gericht. Sie hat eine t\u00e4gliche Praxis in allen Bereichen des Straf-, Zivil- und Verwaltungsrechts aufgebaut.","breadcrumb":{"@id":"https:\/\/etudecina.ch\/presentation\/#breadcrumb"},"inLanguage":"de","potentialAction":[{"@type":"ReadAction","target":["https:\/\/etudecina.ch\/presentation\/"]}]},{"@type":"BreadcrumbList","@id":"https:\/\/etudecina.ch\/presentation\/#breadcrumb","itemListElement":[{"@type":"ListItem","position":1,"name":"Accueil","item":"https:\/\/etudecina.ch\/"},{"@type":"ListItem","position":2,"name":"Pr\u00e9sentation"}]},{"@type":"WebSite","@id":"https:\/\/etudecina.ch\/#website","url":"https:\/\/etudecina.ch\/","name":"Studieren Sie Mylene Cina","description":"Rechtsanwalt, Rechtsberatung in Sierre und Sion","publisher":{"@id":"https:\/\/etudecina.ch\/#organization"},"potentialAction":[{"@type":"SearchAction","target":{"@type":"EntryPoint","urlTemplate":"https:\/\/etudecina.ch\/?s={search_term_string}"},"query-input":{"@type":"PropertyValueSpecification","valueRequired":true,"valueName":"search_term_string"}}],"inLanguage":"de"},{"@type":"Organization","@id":"https:\/\/etudecina.ch\/#organization","name":"Studiere Myl\u00e8ne Cina","url":"https:\/\/etudecina.ch\/","logo":{"@type":"ImageObject","inLanguage":"de","@id":"https:\/\/etudecina.ch\/#\/schema\/logo\/image\/","url":"https:\/\/etudecina.ch\/wp-content\/uploads\/2020\/09\/ca462356e7a84ddab610d6bf6c6b1b2a.jpg","contentUrl":"https:\/\/etudecina.ch\/wp-content\/uploads\/2020\/09\/ca462356e7a84ddab610d6bf6c6b1b2a.jpg","width":200,"height":100,"caption":"Etude myl\u00e8ne Cina"},"image":{"@id":"https:\/\/etudecina.ch\/#\/schema\/logo\/image\/"}}]}},"_links":{"self":[{"href":"https:\/\/etudecina.ch\/de\/wp-json\/wp\/v2\/pages\/93","targetHints":{"allow":["GET"]}}],"collection":[{"href":"https:\/\/etudecina.ch\/de\/wp-json\/wp\/v2\/pages"}],"about":[{"href":"https:\/\/etudecina.ch\/de\/wp-json\/wp\/v2\/types\/page"}],"author":[{"embeddable":true,"href":"https:\/\/etudecina.ch\/de\/wp-json\/wp\/v2\/users\/2"}],"replies":[{"embeddable":true,"href":"https:\/\/etudecina.ch\/de\/wp-json\/wp\/v2\/comments?post=93"}],"version-history":[{"count":2,"href":"https:\/\/etudecina.ch\/de\/wp-json\/wp\/v2\/pages\/93\/revisions"}],"predecessor-version":[{"id":106,"href":"https:\/\/etudecina.ch\/de\/wp-json\/wp\/v2\/pages\/93\/revisions\/106"}],"wp:attachment":[{"href":"https:\/\/etudecina.ch\/de\/wp-json\/wp\/v2\/media?parent=93"}],"curies":[{"name":"wp","href":"https:\/\/api.w.org\/{rel}","templated":true}]}}